{"id":37976,"date":"2023-05-15T17:09:25","date_gmt":"2023-05-15T15:09:25","guid":{"rendered":"https:\/\/diploma2023.ecolecamondo.fr\/archives\/"},"modified":"2023-10-16T12:45:37","modified_gmt":"2023-10-16T10:45:37","slug":"archives","status":"publish","type":"page","link":"https:\/\/diploma2023.ecolecamondo.fr\/en\/archives\/","title":{"rendered":"Archives"},"content":{"rendered":"<p>Each project carried out by the students of the Camondo school is the celebration of an exceptional journey, where commitment and passion have been the driving forces of their evolution. It is with pride that we present to you the achievements of the last three years, the culmination of a collective adventure marked by exploration and discovery.<\/p>\n","protected":false},"excerpt":{"rendered":"<p>Each project carried out by the students of the Camondo school is the celebration of an exceptional journey, where commitment and passion have been the driving forces of their evolution. It is with pride that we present to you the achievements of the last three years, the culmination of a collective adventure marked by exploration [&hellip;]<\/p>\n","protected":false},"author":230,"featured_media":0,"parent":0,"menu_order":0,"comment_status":"closed","ping_status":"closed","template":"templates\/tpl_archives.php","meta":{"_acf_changed":false,"footnotes":""},"class_list":["post-37976","page","type-page","status-publish","hentry"],"acf":[],"yoast_head":"<!-- This site is optimized with the Yoast SEO plugin v27.2 - https:\/\/yoast.com\/product\/yoast-seo-wordpress\/ -->\n<title>Archives - Diploma Camondo \u00e9dition 2023<\/title>\n<meta name=\"robots\" content=\"index, follow, max-snippet:-1, max-image-preview:large, max-video-preview:-1\" \/>\n<link rel=\"canonical\" href=\"https:\/\/diploma2023.ecolecamondo.fr\/en\/archives\/\" \/>\n<meta property=\"og:locale\" content=\"en_US\" \/>\n<meta property=\"og:type\" content=\"article\" \/>\n<meta property=\"og:title\" content=\"Archives - Diploma Camondo \u00e9dition 2023\" \/>\n<meta property=\"og:description\" content=\"Each project carried out by the students of the Camondo school is the celebration of an exceptional journey, where commitment and passion have been the driving forces of their evolution. It is with pride that we present to you the achievements of the last three years, the culmination of a collective adventure marked by exploration [&hellip;]\" \/>\n<meta property=\"og:url\" content=\"https:\/\/diploma2023.ecolecamondo.fr\/en\/archives\/\" \/>\n<meta property=\"og:site_name\" content=\"Diploma Camondo \u00e9dition 2023\" \/>\n<meta property=\"article:modified_time\" content=\"2023-10-16T10:45:37+00:00\" \/>\n<meta name=\"twitter:card\" content=\"summary_large_image\" \/>\n<script type=\"application\/ld+json\" class=\"yoast-schema-graph\">{\"@context\":\"https:\/\/schema.org\",\"@graph\":[{\"@type\":\"WebPage\",\"@id\":\"https:\/\/diploma2023.ecolecamondo.fr\/en\/archives\/\",\"url\":\"https:\/\/diploma2023.ecolecamondo.fr\/en\/archives\/\",\"name\":\"Archives - Diploma Camondo \u00e9dition 2023\",\"isPartOf\":{\"@id\":\"https:\/\/diploma2023.ecolecamondo.fr\/en\/#website\"},\"datePublished\":\"2023-05-15T15:09:25+00:00\",\"dateModified\":\"2023-10-16T10:45:37+00:00\",\"breadcrumb\":{\"@id\":\"https:\/\/diploma2023.ecolecamondo.fr\/en\/archives\/#breadcrumb\"},\"inLanguage\":\"en-US\",\"potentialAction\":[{\"@type\":\"ReadAction\",\"target\":[\"https:\/\/diploma2023.ecolecamondo.fr\/en\/archives\/\"]}]},{\"@type\":\"BreadcrumbList\",\"@id\":\"https:\/\/diploma2023.ecolecamondo.fr\/en\/archives\/#breadcrumb\",\"itemListElement\":[{\"@type\":\"ListItem\",\"position\":1,\"name\":\"Accueil\",\"item\":\"https:\/\/diploma2023.ecolecamondo.fr\/en\/\"},{\"@type\":\"ListItem\",\"position\":2,\"name\":\"Archives\"}]},{\"@type\":\"WebSite\",\"@id\":\"https:\/\/diploma2023.ecolecamondo.fr\/en\/#website\",\"url\":\"https:\/\/diploma2023.ecolecamondo.fr\/en\/\",\"name\":\"Diploma Camondo \u00e9dition 2023\",\"description\":\"Travaux des \u00e9tudiants de 5e ann\u00e9e de l&#039;\u00c9cole Camondo\",\"potentialAction\":[{\"@type\":\"SearchAction\",\"target\":{\"@type\":\"EntryPoint\",\"urlTemplate\":\"https:\/\/diploma2023.ecolecamondo.fr\/en\/?s={search_term_string}\"},\"query-input\":{\"@type\":\"PropertyValueSpecification\",\"valueRequired\":true,\"valueName\":\"search_term_string\"}}],\"inLanguage\":\"en-US\"}]}<\/script>\n<!-- \/ Yoast SEO plugin. -->","yoast_head_json":{"title":"Archives - Diploma Camondo \u00e9dition 2023","robots":{"index":"index","follow":"follow","max-snippet":"max-snippet:-1","max-image-preview":"max-image-preview:large","max-video-preview":"max-video-preview:-1"},"canonical":"https:\/\/diploma2023.ecolecamondo.fr\/en\/archives\/","og_locale":"en_US","og_type":"article","og_title":"Archives - Diploma Camondo \u00e9dition 2023","og_description":"Each project carried out by the students of the Camondo school is the celebration of an exceptional journey, where commitment and passion have been the driving forces of their evolution. It is with pride that we present to you the achievements of the last three years, the culmination of a collective adventure marked by exploration [&hellip;]","og_url":"https:\/\/diploma2023.ecolecamondo.fr\/en\/archives\/","og_site_name":"Diploma Camondo \u00e9dition 2023","article_modified_time":"2023-10-16T10:45:37+00:00","twitter_card":"summary_large_image","schema":{"@context":"https:\/\/schema.org","@graph":[{"@type":"WebPage","@id":"https:\/\/diploma2023.ecolecamondo.fr\/en\/archives\/","url":"https:\/\/diploma2023.ecolecamondo.fr\/en\/archives\/","name":"Archives - Diploma Camondo \u00e9dition 2023","isPartOf":{"@id":"https:\/\/diploma2023.ecolecamondo.fr\/en\/#website"},"datePublished":"2023-05-15T15:09:25+00:00","dateModified":"2023-10-16T10:45:37+00:00","breadcrumb":{"@id":"https:\/\/diploma2023.ecolecamondo.fr\/en\/archives\/#breadcrumb"},"inLanguage":"en-US","potentialAction":[{"@type":"ReadAction","target":["https:\/\/diploma2023.ecolecamondo.fr\/en\/archives\/"]}]},{"@type":"BreadcrumbList","@id":"https:\/\/diploma2023.ecolecamondo.fr\/en\/archives\/#breadcrumb","itemListElement":[{"@type":"ListItem","position":1,"name":"Accueil","item":"https:\/\/diploma2023.ecolecamondo.fr\/en\/"},{"@type":"ListItem","position":2,"name":"Archives"}]},{"@type":"WebSite","@id":"https:\/\/diploma2023.ecolecamondo.fr\/en\/#website","url":"https:\/\/diploma2023.ecolecamondo.fr\/en\/","name":"Diploma Camondo \u00e9dition 2023","description":"Travaux des \u00e9tudiants de 5e ann\u00e9e de l&#039;\u00c9cole Camondo","potentialAction":[{"@type":"SearchAction","target":{"@type":"EntryPoint","urlTemplate":"https:\/\/diploma2023.ecolecamondo.fr\/en\/?s={search_term_string}"},"query-input":{"@type":"PropertyValueSpecification","valueRequired":true,"valueName":"search_term_string"}}],"inLanguage":"en-US"}]}},"_links":{"self":[{"href":"https:\/\/diploma2023.ecolecamondo.fr\/en\/wp-json\/wp\/v2\/pages\/37976","targetHints":{"allow":["GET"]}}],"collection":[{"href":"https:\/\/diploma2023.ecolecamondo.fr\/en\/wp-json\/wp\/v2\/pages"}],"about":[{"href":"https:\/\/diploma2023.ecolecamondo.fr\/en\/wp-json\/wp\/v2\/types\/page"}],"author":[{"embeddable":true,"href":"https:\/\/diploma2023.ecolecamondo.fr\/en\/wp-json\/wp\/v2\/users\/230"}],"replies":[{"embeddable":true,"href":"https:\/\/diploma2023.ecolecamondo.fr\/en\/wp-json\/wp\/v2\/comments?post=37976"}],"version-history":[{"count":2,"href":"https:\/\/diploma2023.ecolecamondo.fr\/en\/wp-json\/wp\/v2\/pages\/37976\/revisions"}],"predecessor-version":[{"id":37979,"href":"https:\/\/diploma2023.ecolecamondo.fr\/en\/wp-json\/wp\/v2\/pages\/37976\/revisions\/37979"}],"wp:attachment":[{"href":"https:\/\/diploma2023.ecolecamondo.fr\/en\/wp-json\/wp\/v2\/media?parent=37976"}],"curies":[{"name":"wp","href":"https:\/\/api.w.org\/{rel}","templated":true}]}}